{"id":615,"date":"2021-05-31T16:51:56","date_gmt":"2021-05-31T14:51:56","guid":{"rendered":"https:\/\/hvarsummerfestival.hr\/about-us\/"},"modified":"2025-05-20T13:54:32","modified_gmt":"2025-05-20T11:54:32","slug":"about-us","status":"publish","type":"page","link":"https:\/\/hvarsummerfestival.hr\/en\/about-us\/","title":{"rendered":"About us"},"content":{"rendered":"<div class=\"wpb-content-wrapper\">[vc_row full_width=&#8221;stretch_row&#8221; curly_bg_repeat=&#8221;bg-no-repeat&#8221; curly_bg_position=&#8221;bg-pos-center-bottom&#8221; curly_padding=&#8221;content-padding-lg&#8221; css=&#8221;.vc_custom_1497731114151{padding-top: 15% !important;background-image: url(https:\/\/hvarsummerfestival.hr\/wp-content\/uploads\/2017\/06\/OsloNationalTheater-11.jpg?id=56) !important;background-position: center !important;background-repeat: no-repeat !important;background-size: cover !important;}&#8221;][vc_column width=&#8221;1\/2&#8243;][vc_column_text]\n<h1 class=\"special-title display-1\">About us<\/h1>\n[\/vc_column_text][vc_empty_space height=&#8221;&#8221; el_class=&#8221;xtd-spacer&#8211;lg&#8221;][vc_column_text]\n<p class=\"lead lead-lg\">The goal of art is not to present the external appearance of things, but their inner significance.<\/p>\n[\/vc_column_text][\/vc_column][vc_column width=&#8221;5\/12&#8243; offset=&#8221;vc_col-sm-offset-1&#8243;][vc_single_image image=&#8221;626&#8243; img_size=&#8221;large&#8221; style=&#8221;xtd-shadow&#8211;large-hard&#8221; el_class=&#8221;xtd-offset-frame&#8221;][\/vc_column][\/vc_row][vc_row full_width=&#8221;stretch_row&#8221; curly_bg_repeat=&#8221;bg-no-repeat&#8221; curly_bg_position=&#8221;bg-pos-center-bottom&#8221; curly_bg_parallax=&#8221;true&#8221; curly_padding=&#8221;content-padding-lg&#8221; css=&#8221;.vc_custom_1497610370674{background-image: url(https:\/\/hvarsummerfestival.hr\/wp-content\/uploads\/2017\/06\/staatsoperwien2-3.jpg?id=57) !important;background-position: center !important;background-repeat: no-repeat !important;background-size: cover !important;}&#8221; el_id=&#8221;about-us&#8221;][vc_column width=&#8221;5\/6&#8243; offset=&#8221;vc_col-sm-offset-1&#8243;]<div class='xtd-timeline '><div class='xtd-timeline__item' data-title='Beginning'>[vc_single_image image=&#8221;493&#8243; img_size=&#8221;large&#8221; style=&#8221;xtd-shadow&#8211;large-hard&#8221; el_class=&#8221;xtd-offset-frame&#8221;][vc_column_text css=&#8221;.vc_custom_1618831698871{margin-top: -6em !important;}&#8221; el_class=&#8221;z-index&#8211;2&#8243;]<strong class=\"font-family--h1 display-1\">1961<\/strong>[\/vc_column_text][vc_empty_space][vc_column_text]\n<p class=\"lead-sm h1--font-family\">Hvar Summer Festival is an annual event which has occupied some of the town\u2019s most prominent historical locations since 1961 when it was first organized. Apart from the Franciscan monastery, Hanibal Luci\u0107\u2019s summer residence, Veneranda summer stage, Hvar fortress (Fortica), the Cathedral of St. Stephen, and St. Stephen\u2019s Square, it also delivered performances to the nearby villages of Velo Grablje and Malo Grablje. Organized by the Town of Hvar, this festival has a long tradition of offering exceptional cultural events, particularly music performances, for which it has been recognized both locally and internationally.<\/p>\n[\/vc_column_text]<\/div><div class='xtd-timeline__item' data-title='Early years'>[vc_single_image image=&#8221;604&#8243; img_size=&#8221;large&#8221; style=&#8221;xtd-shadow&#8211;large-hard&#8221; el_class=&#8221;xtd-offset-frame&#8221;][vc_column_text css=&#8221;.vc_custom_1618831843362{margin-top: -6em !important;}&#8221; el_class=&#8221;z-index&#8211;2&#8243;]<strong class=\"font-family--h1 display-1\">1974<\/strong>[\/vc_column_text][vc_empty_space][vc_column_text]\n<p class=\"lead-sm h1--font-family\">With performances traditionally beginning soon after Easter and ending in mid-October, this festival has been the longest-lasting festival on the Adriatic coast. During the period of almost six months, the festival has featured renowned Croatian and international performers, offering musical and theatre performances to the people of Hvar and their guests. As such, it has been an oasis of carefully selected, premium-quality music and plays, which make an integral part of the overall cultural repertoire in the summer months in Hvar.<\/p>\n[\/vc_column_text]<\/div><div class='xtd-timeline__item' data-title='Present'>[vc_single_image image=&#8221;624&#8243; img_size=&#8221;large&#8221; style=&#8221;xtd-shadow&#8211;large-hard&#8221; el_class=&#8221;xtd-offset-frame&#8221;][vc_column_text css=&#8221;.vc_custom_1618831921077{margin-top: -6em !important;}&#8221; el_class=&#8221;z-index&#8211;2&#8243;]<strong class=\"font-family--h1 display-1\">2015<\/strong>[\/vc_column_text][vc_empty_space][vc_column_text]\n<p class=\"lead-sm h1--font-family\">By incorporating a cappella performances by Dalmatian klapa groups \u2013 a form included in the list of Intangible Cultural Heritage of Humanity by UNESCO, by inviting local groups that nurture traditional song and dance, and enabling the staging of works written by Croatian Renaissance authors, this festival also caters to talented amateur enthusiasts. Between 1974 and 2015, the festival\u2019s concept was devised and executed by its director for many years, Prof. Milan Lako\u0161, who deserves immense credit for organizing and preserving the festival.<\/p>\n[\/vc_column_text]<\/div><div class='xtd-timeline__item' data-title='The results'>[vc_single_image image=&#8221;618&#8243; img_size=&#8221;large&#8221; style=&#8221;xtd-shadow&#8211;large-hard&#8221; css=&#8221;.vc_custom_1618832339544{margin-right: -6rem !important;}&#8221; el_class=&#8221;xtd-offset-frame&#8221;][vc_column_text css=&#8221;.vc_custom_1618831950718{margin-top: -6em !important;}&#8221; el_class=&#8221;z-index&#8211;2&#8243;]<strong class=\"font-family--h1 display-1\">2021<\/strong>[\/vc_column_text][vc_empty_space][vc_column_text]\n<p class=\"lead-sm h1--font-family\">Hvar Summer Festival\u2019s stage has been equally open to renowned (mostly, but not exclusively classical) musicians from Croatia and other countries, and to young professional musicians, who choose either the Franciscan monastery or the Cathedral as the venue of choice for an important step in their careers. Our Festival also pays special attention to the preservation of Croatia\u2019s musical heritage, so it frequently features pieces written by Dora Peja\u010devi\u0107, Boris Papandopulo, Igor Kuljeri\u0107, Mladen Tarbuk, and Hvar\u2019s own Sandro Zaninovi\u0107, Dinko Fio, and others.<\/p>\n[\/vc_column_text]<\/div><\/div>[\/vc_column][\/vc_row][vc_row content_placement=&#8221;middle&#8221; curly_padding=&#8221;content-padding-lg&#8221;][vc_column width=&#8221;7\/12&#8243;][vc_column_text]\n<h1 class=\"special-title\">Organizational team<\/h1>\n<p>Since its founding in 1961, Hvar Summer Festival has been organized by the <strong>Hvar Local Community<\/strong>, and later by the <strong>City of Hvar<\/strong>. After the retirement of the long-time leader of the Hvar summer events, <strong>prof. Milan Lako\u0161<\/strong>, festival management in the 2016\/2017 season was taken over by the <strong>Department of Culture and Public Relations<\/strong> headed by the head <strong>Katija Vu\u010deti\u0107<\/strong>.<\/p>\n<p>With the desire to give the festival a new dimension, the city of Hvar, led by Mayor<strong> Rikardo Novak<\/strong> in 2018, entrusted the artistic and production leadership to the young tandem of <strong>Jure Radni\u0107<\/strong> and <strong>Jelena Mi\u0107i\u0107<\/strong>. The desire of this young team is to provide the people of Hvar and their guests with the best of drama and dance productions, to enable guest appearances of renowned musical names and raise the festival to a higher level and secure a place at the European level that it deserves with its long tradition.[\/vc_column_text][vc_empty_space height=&#8221;&#8221; el_class=&#8221;xtd-spacer&#8221;][\/vc_column][vc_column width=&#8221;1\/4&#8243; offset=&#8221;vc_col-sm-offset-2&#8243;][vc_single_image image=&#8221;622&#8243; img_size=&#8221;full&#8221; style=&#8221;xtd-shadow&#8211;large-hard&#8221; el_class=&#8221;xtd-offset-frame&#8221;][vc_single_image image=&#8221;620&#8243; img_size=&#8221;full&#8221; style=&#8221;xtd-shadow&#8211;large-hard&#8221; css=&#8221;.vc_custom_1621930455579{margin-top: -50% !important;margin-right: 4rem !important;margin-left: -4rem !important;}&#8221; el_class=&#8221;xtd-offset-frame&#8221;][\/vc_column][\/vc_row][vc_row full_width=&#8221;stretch_row&#8221; gap=&#8221;35&#8243; content_placement=&#8221;middle&#8221; curly_padding=&#8221;content-padding-none&#8221; css=&#8221;.vc_custom_1642063650562{background-color: #c9ac8c !important;}&#8221;][vc_column width=&#8221;1\/4&#8243; offset=&#8221;vc_col-xs-6&#8243;][vc_single_image image=&#8221;1243&#8243; img_size=&#8221;full&#8221; onclick=&#8221;custom_link&#8221; img_link_target=&#8221;_blank&#8221; curly_max_width=&#8221;80%&#8221; link=&#8221;http:\/\/www.hvar.hr\/&#8221;][\/vc_column][vc_column width=&#8221;1\/4&#8243; offset=&#8221;vc_col-xs-6&#8243;][vc_single_image image=&#8221;888&#8243; img_size=&#8221;full&#8221; onclick=&#8221;custom_link&#8221; img_link_target=&#8221;_blank&#8221; curly_max_width=&#8221;80%&#8221; link=&#8221;https:\/\/min-kulture.gov.hr\/&#8221;][\/vc_column][vc_column width=&#8221;1\/4&#8243; offset=&#8221;vc_col-xs-6&#8243;][vc_single_image image=&#8221;1183&#8243; img_size=&#8221;full&#8221; onclick=&#8221;custom_link&#8221; img_link_target=&#8221;_blank&#8221; curly_max_width=&#8221;80%&#8221; link=&#8221;https:\/\/visithvar.hr\/&#8221;][\/vc_column][vc_column width=&#8221;1\/4&#8243;][vc_single_image image=&#8221;1197&#8243; img_size=&#8221;full&#8221; onclick=&#8221;custom_link&#8221; img_link_target=&#8221;_blank&#8221; curly_max_width=&#8221;80%&#8221; link=&#8221;https:\/\/visithvar.hr\/&#8221;][\/vc_column][\/vc_row]\n<\/div>","protected":false},"excerpt":{"rendered":"<p>[vc_row full_width=&#8221;stretch_row&#8221; curly_bg_repeat=&#8221;bg-no-repeat&#8221; curly_bg_position=&#8221;bg-pos-center-bottom&#8221; curly_padding=&#8221;content-padding-lg&#8221; css=&#8221;.vc_custom_1497731114151{padding-top: 15% !important;background-image: url(https:\/\/hvarsummerfestival.hr\/wp-content\/uploads\/2017\/06\/OsloNationalTheater-11.jpg?id=56) !important;background-position: center !important;background-repeat: no-repeat !important;background-size: cover !important;}&#8221;][vc_column width=&#8221;1\/2&#8243;][vc_column_text] About us [\/vc_column_text][vc_empty_space height=&#8221;&#8221; el_class=&#8221;xtd-spacer&#8211;lg&#8221;][vc_column_text] The goal of art is not to present the external appearance of things, but their inner significance. [\/vc_column_text][\/vc_column][vc_column width=&#8221;5\/12&#8243; offset=&#8221;vc_col-sm-offset-1&#8243;][vc_single_image image=&#8221;626&#8243; img_size=&#8221;large&#8221; style=&#8221;xtd-shadow&#8211;large-hard&#8221; el_class=&#8221;xtd-offset-frame&#8221;][\/vc_column][\/vc_row][vc_row full_width=&#8221;stretch_row&#8221; curly_bg_repeat=&#8221;bg-no-repeat&#8221; curly_bg_position=&#8221;bg-pos-center-bottom&#8221; curly_bg_parallax=&#8221;true&#8221; curly_padding=&#8221;content-padding-lg&#8221; css=&#8221;.vc_custom_1497610370674{background-image: url(https:\/\/hvarsummerfestival.hr\/wp-content\/uploads\/2017\/06\/staatsoperwien2-3.jpg?id=57) !important;background-position: center !important;background-repeat: no-repeat !important;background-size: cover !important;}&#8221; [&hellip;]<\/p>\n","protected":false},"author":1,"featured_media":618,"parent":0,"menu_order":0,"comment_status":"closed","ping_status":"closed","template":"","meta":{"inline_featured_image":false,"footnotes":""},"class_list":["post-615","page","type-page","status-publish","has-post-thumbnail","hentry"],"yoast_head":"<!-- This site is optimized with the Yoast SEO plugin v27.4 - https:\/\/yoast.com\/product\/yoast-seo-wordpress\/ -->\n<title>About us - Hvar Summer Festival<\/title>\n<meta name=\"description\" content=\"With the desire to give the festival a new dimension, the city of Hvar, led by Mayor Rikardo Novak in 2018, entrusted the artistic and production leadership to the young tandem of Jure Radni\u0107 and Jelena Mi\u0107i\u0107.\" \/>\n<meta name=\"robots\" content=\"index, follow, max-snippet:-1, max-image-preview:large, max-video-preview:-1\" \/>\n<link rel=\"canonical\" href=\"https:\/\/hvarsummerfestival.hr\/en\/about-us\/\" \/>\n<meta property=\"og:locale\" content=\"en_US\" \/>\n<meta property=\"og:type\" content=\"article\" \/>\n<meta property=\"og:title\" content=\"About us - Hvar Summer Festival\" \/>\n<meta property=\"og:description\" content=\"With the desire to give the festival a new dimension, the city of Hvar, led by Mayor Rikardo Novak in 2018, entrusted the artistic and production leadership to the young tandem of Jure Radni\u0107 and Jelena Mi\u0107i\u0107.\" \/>\n<meta property=\"og:url\" content=\"https:\/\/hvarsummerfestival.hr\/en\/about-us\/\" \/>\n<meta property=\"og:site_name\" content=\"Hvar Summer Festival\" \/>\n<meta property=\"article:publisher\" content=\"https:\/\/www.facebook.com\/HvarSummerFestival\/\" \/>\n<meta property=\"article:modified_time\" content=\"2025-05-20T11:54:32+00:00\" \/>\n<meta property=\"og:image\" content=\"https:\/\/hvarsummerfestival.hr\/wp-content\/uploads\/2021\/04\/HSF-slider-5.jpeg\" \/>\n<meta name=\"twitter:card\" content=\"summary_large_image\" \/>\n<meta name=\"twitter:image\" content=\"https:\/\/hvarsummerfestival.hr\/wp-content\/uploads\/2021\/04\/HSF-slider-5.jpeg\" \/>\n<meta name=\"twitter:label1\" content=\"Est. reading time\" \/>\n\t<meta name=\"twitter:data1\" content=\"4 minutes\" \/>\n<script type=\"application\/ld+json\" class=\"yoast-schema-graph\">{\"@context\":\"https:\\\/\\\/schema.org\",\"@graph\":[{\"@type\":\"WebPage\",\"@id\":\"https:\\\/\\\/hvarsummerfestival.hr\\\/en\\\/about-us\\\/\",\"url\":\"https:\\\/\\\/hvarsummerfestival.hr\\\/en\\\/about-us\\\/\",\"name\":\"About us - Hvar Summer Festival\",\"isPartOf\":{\"@id\":\"https:\\\/\\\/hvarsummerfestival.hr\\\/en\\\/#website\"},\"primaryImageOfPage\":{\"@id\":\"https:\\\/\\\/hvarsummerfestival.hr\\\/en\\\/about-us\\\/#primaryimage\"},\"image\":{\"@id\":\"https:\\\/\\\/hvarsummerfestival.hr\\\/en\\\/about-us\\\/#primaryimage\"},\"thumbnailUrl\":\"https:\\\/\\\/hvarsummerfestival.hr\\\/wp-content\\\/uploads\\\/2021\\\/04\\\/HSF-slider-5.jpeg\",\"datePublished\":\"2021-05-31T14:51:56+00:00\",\"dateModified\":\"2025-05-20T11:54:32+00:00\",\"description\":\"With the desire to give the festival a new dimension, the city of Hvar, led by Mayor Rikardo Novak in 2018, entrusted the artistic and production leadership to the young tandem of Jure Radni\u0107 and Jelena Mi\u0107i\u0107.\",\"breadcrumb\":{\"@id\":\"https:\\\/\\\/hvarsummerfestival.hr\\\/en\\\/about-us\\\/#breadcrumb\"},\"inLanguage\":\"en-US\",\"potentialAction\":[{\"@type\":\"ReadAction\",\"target\":[\"https:\\\/\\\/hvarsummerfestival.hr\\\/en\\\/about-us\\\/\"]}]},{\"@type\":\"ImageObject\",\"inLanguage\":\"en-US\",\"@id\":\"https:\\\/\\\/hvarsummerfestival.hr\\\/en\\\/about-us\\\/#primaryimage\",\"url\":\"https:\\\/\\\/hvarsummerfestival.hr\\\/wp-content\\\/uploads\\\/2021\\\/04\\\/HSF-slider-5.jpeg\",\"contentUrl\":\"https:\\\/\\\/hvarsummerfestival.hr\\\/wp-content\\\/uploads\\\/2021\\\/04\\\/HSF-slider-5.jpeg\",\"width\":1024,\"height\":576},{\"@type\":\"BreadcrumbList\",\"@id\":\"https:\\\/\\\/hvarsummerfestival.hr\\\/en\\\/about-us\\\/#breadcrumb\",\"itemListElement\":[{\"@type\":\"ListItem\",\"position\":1,\"name\":\"Home page\",\"item\":\"https:\\\/\\\/hvarsummerfestival.hr\\\/en\\\/\"},{\"@type\":\"ListItem\",\"position\":2,\"name\":\"About us\"}]},{\"@type\":\"WebSite\",\"@id\":\"https:\\\/\\\/hvarsummerfestival.hr\\\/en\\\/#website\",\"url\":\"https:\\\/\\\/hvarsummerfestival.hr\\\/en\\\/\",\"name\":\"Hvar Summer Festival\",\"description\":\"\",\"publisher\":{\"@id\":\"https:\\\/\\\/hvarsummerfestival.hr\\\/en\\\/#organization\"},\"potentialAction\":[{\"@type\":\"SearchAction\",\"target\":{\"@type\":\"EntryPoint\",\"urlTemplate\":\"https:\\\/\\\/hvarsummerfestival.hr\\\/en\\\/?s={search_term_string}\"},\"query-input\":{\"@type\":\"PropertyValueSpecification\",\"valueRequired\":true,\"valueName\":\"search_term_string\"}}],\"inLanguage\":\"en-US\"},{\"@type\":\"Organization\",\"@id\":\"https:\\\/\\\/hvarsummerfestival.hr\\\/en\\\/#organization\",\"name\":\"Hvar Summer Festival\",\"url\":\"https:\\\/\\\/hvarsummerfestival.hr\\\/en\\\/\",\"logo\":{\"@type\":\"ImageObject\",\"inLanguage\":\"en-US\",\"@id\":\"https:\\\/\\\/hvarsummerfestival.hr\\\/en\\\/#\\\/schema\\\/logo\\\/image\\\/\",\"url\":\"https:\\\/\\\/hvarsummerfestival.hr\\\/wp-content\\\/uploads\\\/2021\\\/04\\\/HSF-logo-2021.svg\",\"contentUrl\":\"https:\\\/\\\/hvarsummerfestival.hr\\\/wp-content\\\/uploads\\\/2021\\\/04\\\/HSF-logo-2021.svg\",\"width\":119,\"height\":256,\"caption\":\"Hvar Summer Festival\"},\"image\":{\"@id\":\"https:\\\/\\\/hvarsummerfestival.hr\\\/en\\\/#\\\/schema\\\/logo\\\/image\\\/\"},\"sameAs\":[\"https:\\\/\\\/www.facebook.com\\\/HvarSummerFestival\\\/\",\"https:\\\/\\\/www.instagram.com\\\/hvarsummerfestival\\\/\"]}]}<\/script>\n<!-- \/ Yoast SEO plugin. -->","yoast_head_json":{"title":"About us - Hvar Summer Festival","description":"With the desire to give the festival a new dimension, the city of Hvar, led by Mayor Rikardo Novak in 2018, entrusted the artistic and production leadership to the young tandem of Jure Radni\u0107 and Jelena Mi\u0107i\u0107.","robots":{"index":"index","follow":"follow","max-snippet":"max-snippet:-1","max-image-preview":"max-image-preview:large","max-video-preview":"max-video-preview:-1"},"canonical":"https:\/\/hvarsummerfestival.hr\/en\/about-us\/","og_locale":"en_US","og_type":"article","og_title":"About us - Hvar Summer Festival","og_description":"With the desire to give the festival a new dimension, the city of Hvar, led by Mayor Rikardo Novak in 2018, entrusted the artistic and production leadership to the young tandem of Jure Radni\u0107 and Jelena Mi\u0107i\u0107.","og_url":"https:\/\/hvarsummerfestival.hr\/en\/about-us\/","og_site_name":"Hvar Summer Festival","article_publisher":"https:\/\/www.facebook.com\/HvarSummerFestival\/","article_modified_time":"2025-05-20T11:54:32+00:00","og_image":[{"url":"https:\/\/hvarsummerfestival.hr\/wp-content\/uploads\/2021\/04\/HSF-slider-5.jpeg","type":"","width":"","height":""}],"twitter_card":"summary_large_image","twitter_image":"https:\/\/hvarsummerfestival.hr\/wp-content\/uploads\/2021\/04\/HSF-slider-5.jpeg","twitter_misc":{"Est. reading time":"4 minutes"},"schema":{"@context":"https:\/\/schema.org","@graph":[{"@type":"WebPage","@id":"https:\/\/hvarsummerfestival.hr\/en\/about-us\/","url":"https:\/\/hvarsummerfestival.hr\/en\/about-us\/","name":"About us - Hvar Summer Festival","isPartOf":{"@id":"https:\/\/hvarsummerfestival.hr\/en\/#website"},"primaryImageOfPage":{"@id":"https:\/\/hvarsummerfestival.hr\/en\/about-us\/#primaryimage"},"image":{"@id":"https:\/\/hvarsummerfestival.hr\/en\/about-us\/#primaryimage"},"thumbnailUrl":"https:\/\/hvarsummerfestival.hr\/wp-content\/uploads\/2021\/04\/HSF-slider-5.jpeg","datePublished":"2021-05-31T14:51:56+00:00","dateModified":"2025-05-20T11:54:32+00:00","description":"With the desire to give the festival a new dimension, the city of Hvar, led by Mayor Rikardo Novak in 2018, entrusted the artistic and production leadership to the young tandem of Jure Radni\u0107 and Jelena Mi\u0107i\u0107.","breadcrumb":{"@id":"https:\/\/hvarsummerfestival.hr\/en\/about-us\/#breadcrumb"},"inLanguage":"en-US","potentialAction":[{"@type":"ReadAction","target":["https:\/\/hvarsummerfestival.hr\/en\/about-us\/"]}]},{"@type":"ImageObject","inLanguage":"en-US","@id":"https:\/\/hvarsummerfestival.hr\/en\/about-us\/#primaryimage","url":"https:\/\/hvarsummerfestival.hr\/wp-content\/uploads\/2021\/04\/HSF-slider-5.jpeg","contentUrl":"https:\/\/hvarsummerfestival.hr\/wp-content\/uploads\/2021\/04\/HSF-slider-5.jpeg","width":1024,"height":576},{"@type":"BreadcrumbList","@id":"https:\/\/hvarsummerfestival.hr\/en\/about-us\/#breadcrumb","itemListElement":[{"@type":"ListItem","position":1,"name":"Home page","item":"https:\/\/hvarsummerfestival.hr\/en\/"},{"@type":"ListItem","position":2,"name":"About us"}]},{"@type":"WebSite","@id":"https:\/\/hvarsummerfestival.hr\/en\/#website","url":"https:\/\/hvarsummerfestival.hr\/en\/","name":"Hvar Summer Festival","description":"","publisher":{"@id":"https:\/\/hvarsummerfestival.hr\/en\/#organization"},"potentialAction":[{"@type":"SearchAction","target":{"@type":"EntryPoint","urlTemplate":"https:\/\/hvarsummerfestival.hr\/en\/?s={search_term_string}"},"query-input":{"@type":"PropertyValueSpecification","valueRequired":true,"valueName":"search_term_string"}}],"inLanguage":"en-US"},{"@type":"Organization","@id":"https:\/\/hvarsummerfestival.hr\/en\/#organization","name":"Hvar Summer Festival","url":"https:\/\/hvarsummerfestival.hr\/en\/","logo":{"@type":"ImageObject","inLanguage":"en-US","@id":"https:\/\/hvarsummerfestival.hr\/en\/#\/schema\/logo\/image\/","url":"https:\/\/hvarsummerfestival.hr\/wp-content\/uploads\/2021\/04\/HSF-logo-2021.svg","contentUrl":"https:\/\/hvarsummerfestival.hr\/wp-content\/uploads\/2021\/04\/HSF-logo-2021.svg","width":119,"height":256,"caption":"Hvar Summer Festival"},"image":{"@id":"https:\/\/hvarsummerfestival.hr\/en\/#\/schema\/logo\/image\/"},"sameAs":["https:\/\/www.facebook.com\/HvarSummerFestival\/","https:\/\/www.instagram.com\/hvarsummerfestival\/"]}]}},"_links":{"self":[{"href":"https:\/\/hvarsummerfestival.hr\/en\/wp-json\/wp\/v2\/pages\/615","targetHints":{"allow":["GET"]}}],"collection":[{"href":"https:\/\/hvarsummerfestival.hr\/en\/wp-json\/wp\/v2\/pages"}],"about":[{"href":"https:\/\/hvarsummerfestival.hr\/en\/wp-json\/wp\/v2\/types\/page"}],"author":[{"embeddable":true,"href":"https:\/\/hvarsummerfestival.hr\/en\/wp-json\/wp\/v2\/users\/1"}],"replies":[{"embeddable":true,"href":"https:\/\/hvarsummerfestival.hr\/en\/wp-json\/wp\/v2\/comments?post=615"}],"version-history":[{"count":8,"href":"https:\/\/hvarsummerfestival.hr\/en\/wp-json\/wp\/v2\/pages\/615\/revisions"}],"predecessor-version":[{"id":1589,"href":"https:\/\/hvarsummerfestival.hr\/en\/wp-json\/wp\/v2\/pages\/615\/revisions\/1589"}],"wp:featuredmedia":[{"embeddable":true,"href":"https:\/\/hvarsummerfestival.hr\/en\/wp-json\/wp\/v2\/media\/618"}],"wp:attachment":[{"href":"https:\/\/hvarsummerfestival.hr\/en\/wp-json\/wp\/v2\/media?parent=615"}],"curies":[{"name":"wp","href":"https:\/\/api.w.org\/{rel}","templated":true}]}}