{"id":570,"date":"2021-05-31T16:06:46","date_gmt":"2021-05-31T14:06:46","guid":{"rendered":"https:\/\/hvarsummerfestival.hr\/locations\/"},"modified":"2023-05-11T11:13:47","modified_gmt":"2023-05-11T09:13:47","slug":"locations","status":"publish","type":"page","link":"https:\/\/hvarsummerfestival.hr\/en\/locations\/","title":{"rendered":"Locations"},"content":{"rendered":"<div class=\"wpb-content-wrapper\">[vc_row full_width=&#8221;stretch_row&#8221; content_placement=&#8221;top&#8221; curly_bg_repeat=&#8221;bg-no-repeat&#8221; curly_bg_position=&#8221;bg-pos-center-center&#8221; curly_bg_parallax=&#8221;true&#8221; css=&#8221;.vc_custom_1497730814152{background: #1a1919 url(https:\/\/hvarsummerfestival.hr\/wp-content\/uploads\/2017\/06\/lightinthetheater.jpeg-copy.jpg?id=93) !important;background-position: center !important;background-repeat: no-repeat !important;background-size: cover !important;}&#8221;][vc_column][vc_column_text]\n<h1 class=\"special-title display-2 xtd-text-shadow--normal-hard\" style=\"text-align: center;\">Locations<\/h1>\n[\/vc_column_text][vc_empty_space height=&#8221;&#8221; el_class=&#8221;xtd-spacer&#8211;lg&#8221;][vc_gmaps link=&#8221;#E-8_JTNDaWZyYW1lJTIwc3JjJTNEJTIyaHR0cHMlM0ElMkYlMkZ3d3cuZ29vZ2xlLmNvbSUyRm1hcHMlMkZkJTJGdSUyRjAlMkZlbWJlZCUzRm1pZCUzRDE5OFpURGcwcVNPeUwzM2VBQXNQcHlTWTF3V0thOTZydSUyMiUyMHdpZHRoJTNEJTIyNjQwJTIyJTIwaGVpZ2h0JTNEJTIyNDgwJTIyJTNFJTNDJTJGaWZyYW1lJTNF&#8221;][\/vc_column][vc_column][vc_separator color=&#8221;custom&#8221; accent_color=&#8221;rgba(255,255,255,0.13)&#8221;][\/vc_column][vc_column][vc_empty_space height=&#8221;&#8221; el_class=&#8221;xtd-spacer&#8221;][\/vc_column][\/vc_row][vc_row][vc_column width=&#8221;1\/2&#8243;][vc_hoverbox image=&#8221;593&#8243; primary_title=&#8221;Veneranda Summer Stage&#8221; hover_title=&#8221;Veneranda Summer Stage&#8221; hover_background_color=&#8221;custom&#8221; hover_custom_background=&#8221;#c9ac8c&#8221; css=&#8221;.vc_custom_1622470227161{padding-bottom: 40px !important;}&#8221;]Ulica Dinka Kova\u010devi\u0107a 3, 21450 Hvar[\/vc_hoverbox][vc_hoverbox image=&#8221;591&#8243; primary_title=&#8221;Velo Grablje&#8221; hover_title=&#8221;Velo Grablje&#8221; hover_background_color=&#8221;custom&#8221; hover_custom_background=&#8221;#c9ac8c&#8221; css=&#8221;.vc_custom_1618834203149{padding-bottom: 40px !important;}&#8221;]Velo Grablje, 21450 Hvar[\/vc_hoverbox][vc_hoverbox image=&#8221;573&#8243; primary_title=&#8221;Hanibal Luci\u0107 Summer Residence&#8221; hover_title=&#8221;Hanibal Luci\u0107 Summer Residence&#8221; hover_background_color=&#8221;custom&#8221; hover_custom_background=&#8221;#c9ac8c&#8221; css=&#8221;.vc_custom_1618834209862{padding-bottom: 40px !important;}&#8221;]Hanibala Luci\u0107a 8, 21450 Hvar[\/vc_hoverbox][vc_hoverbox image=&#8221;585&#8243; primary_title=&#8221;Hvar Public Theatre&#8221; hover_title=&#8221;Hvar Public Theatre&#8221; hover_background_color=&#8221;custom&#8221; hover_custom_background=&#8221;#c9ac8c&#8221; css=&#8221;.vc_custom_1618834216387{padding-bottom: 40px !important;}&#8221;]Trg svetog Stjepana 44, 21450 Hvar[\/vc_hoverbox][vc_hoverbox image=&#8221;604&#8243; primary_title=&#8221;St. Stephen&#8217;s Square&#8221; hover_title=&#8221;St. Stephen&#8217;s Square&#8221; hover_background_color=&#8221;custom&#8221; hover_custom_background=&#8221;#c9ac8c&#8221; css=&#8221;.vc_custom_1622470742435{padding-bottom: 40px !important;}&#8221;]Trg svetog Stjepana, 21450 Hvar[\/vc_hoverbox][vc_hoverbox image=&#8221;577&#8243; primary_title=&#8221;The Benedictine Monastery (pavement)&#8221; hover_title=&#8221;The Benedictine Monastery (pavement)&#8221; hover_background_color=&#8221;custom&#8221; hover_custom_background=&#8221;#c9ac8c&#8221; css=&#8221;.vc_custom_1683291884480{padding-bottom: 40px !important;}&#8221;]Kroz Grodu, 21450 Hvar[\/vc_hoverbox][vc_hoverbox image=&#8221;579&#8243; primary_title=&#8221;St. Mark&#8217;s Church&#8221; hover_title=&#8221;St. Mark&#8217;s Church&#8221; hover_background_color=&#8221;custom&#8221; hover_custom_background=&#8221;#c9ac8c&#8221; css=&#8221;.vc_custom_1618834433554{margin-top: 0px !important;border-top-width: 0px !important;padding-top: 0px !important;}&#8221;]\u0160etali\u0161te put Kri\u017ea 15, 21450 Hvar[\/vc_hoverbox][\/vc_column][vc_column width=&#8221;1\/2&#8243;][vc_hoverbox image=&#8221;493&#8243; primary_title=&#8221;Franciscan Monastery&#8221; hover_title=&#8221;Franciscan Monastery&#8221; hover_background_color=&#8221;custom&#8221; hover_custom_background=&#8221;#c9ac8c&#8221; css=&#8221;.vc_custom_1622470233728{padding-bottom: 40px !important;}&#8221;]\u0160etali\u0161te put Kri\u017ea, 21450 Hvar[\/vc_hoverbox][vc_hoverbox image=&#8221;589&#8243; primary_title=&#8221;Malo Grablje&#8221; hover_title=&#8221;Malo Grablje&#8221; hover_background_color=&#8221;custom&#8221; hover_custom_background=&#8221;#c9ac8c&#8221; css=&#8221;.vc_custom_1618834239173{padding-bottom: 40px !important;}&#8221;]Malo Grablje, 21450 Hvar[\/vc_hoverbox][vc_hoverbox image=&#8221;587&#8243; primary_title=&#8221;Little Summer Stage Hvar&#8221; hover_title=&#8221;Little Summer Stage Hvar&#8221; hover_background_color=&#8221;custom&#8221; hover_custom_background=&#8221;#c9ac8c&#8221; css=&#8221;.vc_custom_1618834246834{padding-bottom: 40px !important;}&#8221;]Fabrika 20, 21450 Hvar[\/vc_hoverbox][vc_hoverbox image=&#8221;583&#8243; primary_title=&#8221;St. Stephen&#8217;s Cathedral&#8221; hover_title=&#8221;St. Stephen&#8217;s Cathedral&#8221; hover_background_color=&#8221;custom&#8221; hover_custom_background=&#8221;#c9ac8c&#8221; css=&#8221;.vc_custom_1618834253765{padding-bottom: 40px !important;}&#8221;]Trg svetog Stjepana, 21450 Hvar[\/vc_hoverbox][vc_hoverbox image=&#8221;581&#8243; primary_title=&#8221;City Fortress &#8211; Fortica&#8221; hover_title=&#8221;City Fortress &#8211; Fortica&#8221; hover_background_color=&#8221;custom&#8221; hover_custom_background=&#8221;#c9ac8c&#8221; css=&#8221;.vc_custom_1621970946075{padding-bottom: 40px !important;}&#8221;]Ulica Higijeni\u010dkog Dru\u0161tva 19, 21450 Hvar[\/vc_hoverbox][vc_hoverbox image=&#8221;575&#8243; primary_title=&#8221;Church of the Holy Spirit (pavement)&#8221; hover_title=&#8221;Church of the Holy Spirit (pavement)&#8221; hover_background_color=&#8221;custom&#8221; hover_custom_background=&#8221;#c9ac8c&#8221; css=&#8221;.vc_custom_1683291890975{padding-bottom: 40px !important;}&#8221;]Ulica Matije Ivani\u0107a 9, 21450 Hvar[\/vc_hoverbox][vc_hoverbox image=&#8221;1073&#8243; primary_title=&#8221;Loggia&#8221; hover_title=&#8221;Loggia&#8221; hover_background_color=&#8221;custom&#8221; hover_custom_background=&#8221;#c9ac8c&#8221;]Trg Sv. Stjepana 6, 21450, Hvar[\/vc_hoverbox][\/vc_column][\/vc_row]\n<\/div>","protected":false},"excerpt":{"rendered":"<p>[vc_row full_width=&#8221;stretch_row&#8221; content_placement=&#8221;top&#8221; curly_bg_repeat=&#8221;bg-no-repeat&#8221; curly_bg_position=&#8221;bg-pos-center-center&#8221; curly_bg_parallax=&#8221;true&#8221; css=&#8221;.vc_custom_1497730814152{background: #1a1919 url(https:\/\/hvarsummerfestival.hr\/wp-content\/uploads\/2017\/06\/lightinthetheater.jpeg-copy.jpg?id=93) !important;background-position: center !important;background-repeat: no-repeat !important;background-size: cover !important;}&#8221;][vc_column][vc_column_text] Locations [\/vc_column_text][vc_empty_space height=&#8221;&#8221; el_class=&#8221;xtd-spacer&#8211;lg&#8221;][vc_gmaps link=&#8221;#E-8_JTNDaWZyYW1lJTIwc3JjJTNEJTIyaHR0cHMlM0ElMkYlMkZ3d3cuZ29vZ2xlLmNvbSUyRm1hcHMlMkZkJTJGdSUyRjAlMkZlbWJlZCUzRm1pZCUzRDE5OFpURGcwcVNPeUwzM2VBQXNQcHlTWTF3V0thOTZydSUyMiUyMHdpZHRoJTNEJTIyNjQwJTIyJTIwaGVpZ2h0JTNEJTIyNDgwJTIyJTNFJTNDJTJGaWZyYW1lJTNF&#8221;][\/vc_column][vc_column][vc_separator color=&#8221;custom&#8221; accent_color=&#8221;rgba(255,255,255,0.13)&#8221;][\/vc_column][vc_column][vc_empty_space height=&#8221;&#8221; el_class=&#8221;xtd-spacer&#8221;][\/vc_column][\/vc_row][vc_row][vc_column width=&#8221;1\/2&#8243;][vc_hoverbox image=&#8221;593&#8243; primary_title=&#8221;Veneranda Summer Stage&#8221; hover_title=&#8221;Veneranda Summer Stage&#8221; hover_background_color=&#8221;custom&#8221; hover_custom_background=&#8221;#c9ac8c&#8221; css=&#8221;.vc_custom_1622470227161{padding-bottom: 40px !important;}&#8221;]Ulica Dinka Kova\u010devi\u0107a 3, 21450 Hvar[\/vc_hoverbox][vc_hoverbox image=&#8221;591&#8243; primary_title=&#8221;Velo Grablje&#8221; hover_title=&#8221;Velo Grablje&#8221; hover_background_color=&#8221;custom&#8221; hover_custom_background=&#8221;#c9ac8c&#8221; css=&#8221;.vc_custom_1618834203149{padding-bottom: 40px !important;}&#8221;]Velo Grablje, 21450 Hvar[\/vc_hoverbox][vc_hoverbox image=&#8221;573&#8243; primary_title=&#8221;Hanibal Luci\u0107 Summer [&hellip;]<\/p>\n","protected":false},"author":1,"featured_media":573,"parent":0,"menu_order":0,"comment_status":"closed","ping_status":"closed","template":"","meta":{"inline_featured_image":false,"footnotes":""},"class_list":["post-570","page","type-page","status-publish","has-post-thumbnail","hentry"],"yoast_head":"<!-- This site is optimized with the Yoast SEO plugin v27.4 - https:\/\/yoast.com\/product\/yoast-seo-wordpress\/ -->\n<title>Locations - Hvar Summer Festival<\/title>\n<meta name=\"description\" content=\"Hvar Summer Festival has been held continuously since 1961 at the historical locations of the town of Hvar: the Franciscan Monastery, Hanibal Luci\u0107 Summer Residence, Hvar Public Theatre, Veneranda Summer Stage and many others.\" \/>\n<meta name=\"robots\" content=\"index, follow, max-snippet:-1, max-image-preview:large, max-video-preview:-1\" \/>\n<link rel=\"canonical\" href=\"https:\/\/hvarsummerfestival.hr\/en\/locations\/\" \/>\n<meta property=\"og:locale\" content=\"en_US\" \/>\n<meta property=\"og:type\" content=\"article\" \/>\n<meta property=\"og:title\" content=\"Locations - Hvar Summer Festival\" \/>\n<meta property=\"og:description\" content=\"Hvar Summer Festival has been held continuously since 1961 at the historical locations of the town of Hvar: the Franciscan Monastery, Hanibal Luci\u0107 Summer Residence, Hvar Public Theatre, Veneranda Summer Stage and many others.\" \/>\n<meta property=\"og:url\" content=\"https:\/\/hvarsummerfestival.hr\/en\/locations\/\" \/>\n<meta property=\"og:site_name\" content=\"Hvar Summer Festival\" \/>\n<meta property=\"article:publisher\" content=\"https:\/\/www.facebook.com\/HvarSummerFestival\/\" \/>\n<meta property=\"article:modified_time\" content=\"2023-05-11T09:13:47+00:00\" \/>\n<meta property=\"og:image\" content=\"https:\/\/hvarsummerfestival.hr\/wp-content\/uploads\/2021\/04\/Ljetnikovac-Hanibala-Lucic\u0301a.jpeg\" \/>\n<meta name=\"twitter:card\" content=\"summary_large_image\" \/>\n<meta name=\"twitter:image\" content=\"https:\/\/hvarsummerfestival.hr\/wp-content\/uploads\/2021\/04\/Ljetnikovac-Hanibala-Lucic\u0301a.jpeg\" \/>\n<meta name=\"twitter:label1\" content=\"Est. reading time\" \/>\n\t<meta name=\"twitter:data1\" content=\"2 minutes\" \/>\n<script type=\"application\/ld+json\" class=\"yoast-schema-graph\">{\"@context\":\"https:\\\/\\\/schema.org\",\"@graph\":[{\"@type\":\"WebPage\",\"@id\":\"https:\\\/\\\/hvarsummerfestival.hr\\\/en\\\/locations\\\/\",\"url\":\"https:\\\/\\\/hvarsummerfestival.hr\\\/en\\\/locations\\\/\",\"name\":\"Locations - Hvar Summer Festival\",\"isPartOf\":{\"@id\":\"https:\\\/\\\/hvarsummerfestival.hr\\\/en\\\/#website\"},\"primaryImageOfPage\":{\"@id\":\"https:\\\/\\\/hvarsummerfestival.hr\\\/en\\\/locations\\\/#primaryimage\"},\"image\":{\"@id\":\"https:\\\/\\\/hvarsummerfestival.hr\\\/en\\\/locations\\\/#primaryimage\"},\"thumbnailUrl\":\"https:\\\/\\\/hvarsummerfestival.hr\\\/wp-content\\\/uploads\\\/2021\\\/04\\\/Ljetnikovac-Hanibala-Lucic\u0301a.jpeg\",\"datePublished\":\"2021-05-31T14:06:46+00:00\",\"dateModified\":\"2023-05-11T09:13:47+00:00\",\"description\":\"Hvar Summer Festival has been held continuously since 1961 at the historical locations of the town of Hvar: the Franciscan Monastery, Hanibal Luci\u0107 Summer Residence, Hvar Public Theatre, Veneranda Summer Stage and many others.\",\"breadcrumb\":{\"@id\":\"https:\\\/\\\/hvarsummerfestival.hr\\\/en\\\/locations\\\/#breadcrumb\"},\"inLanguage\":\"en-US\",\"potentialAction\":[{\"@type\":\"ReadAction\",\"target\":[\"https:\\\/\\\/hvarsummerfestival.hr\\\/en\\\/locations\\\/\"]}]},{\"@type\":\"ImageObject\",\"inLanguage\":\"en-US\",\"@id\":\"https:\\\/\\\/hvarsummerfestival.hr\\\/en\\\/locations\\\/#primaryimage\",\"url\":\"https:\\\/\\\/hvarsummerfestival.hr\\\/wp-content\\\/uploads\\\/2021\\\/04\\\/Ljetnikovac-Hanibala-Lucic\u0301a.jpeg\",\"contentUrl\":\"https:\\\/\\\/hvarsummerfestival.hr\\\/wp-content\\\/uploads\\\/2021\\\/04\\\/Ljetnikovac-Hanibala-Lucic\u0301a.jpeg\",\"width\":1024,\"height\":768},{\"@type\":\"BreadcrumbList\",\"@id\":\"https:\\\/\\\/hvarsummerfestival.hr\\\/en\\\/locations\\\/#breadcrumb\",\"itemListElement\":[{\"@type\":\"ListItem\",\"position\":1,\"name\":\"Home page\",\"item\":\"https:\\\/\\\/hvarsummerfestival.hr\\\/en\\\/\"},{\"@type\":\"ListItem\",\"position\":2,\"name\":\"Locations\"}]},{\"@type\":\"WebSite\",\"@id\":\"https:\\\/\\\/hvarsummerfestival.hr\\\/en\\\/#website\",\"url\":\"https:\\\/\\\/hvarsummerfestival.hr\\\/en\\\/\",\"name\":\"Hvar Summer Festival\",\"description\":\"\",\"publisher\":{\"@id\":\"https:\\\/\\\/hvarsummerfestival.hr\\\/en\\\/#organization\"},\"potentialAction\":[{\"@type\":\"SearchAction\",\"target\":{\"@type\":\"EntryPoint\",\"urlTemplate\":\"https:\\\/\\\/hvarsummerfestival.hr\\\/en\\\/?s={search_term_string}\"},\"query-input\":{\"@type\":\"PropertyValueSpecification\",\"valueRequired\":true,\"valueName\":\"search_term_string\"}}],\"inLanguage\":\"en-US\"},{\"@type\":\"Organization\",\"@id\":\"https:\\\/\\\/hvarsummerfestival.hr\\\/en\\\/#organization\",\"name\":\"Hvar Summer Festival\",\"url\":\"https:\\\/\\\/hvarsummerfestival.hr\\\/en\\\/\",\"logo\":{\"@type\":\"ImageObject\",\"inLanguage\":\"en-US\",\"@id\":\"https:\\\/\\\/hvarsummerfestival.hr\\\/en\\\/#\\\/schema\\\/logo\\\/image\\\/\",\"url\":\"https:\\\/\\\/hvarsummerfestival.hr\\\/wp-content\\\/uploads\\\/2021\\\/04\\\/HSF-logo-2021.svg\",\"contentUrl\":\"https:\\\/\\\/hvarsummerfestival.hr\\\/wp-content\\\/uploads\\\/2021\\\/04\\\/HSF-logo-2021.svg\",\"width\":119,\"height\":256,\"caption\":\"Hvar Summer Festival\"},\"image\":{\"@id\":\"https:\\\/\\\/hvarsummerfestival.hr\\\/en\\\/#\\\/schema\\\/logo\\\/image\\\/\"},\"sameAs\":[\"https:\\\/\\\/www.facebook.com\\\/HvarSummerFestival\\\/\",\"https:\\\/\\\/www.instagram.com\\\/hvarsummerfestival\\\/\"]}]}<\/script>\n<!-- \/ Yoast SEO plugin. -->","yoast_head_json":{"title":"Locations - Hvar Summer Festival","description":"Hvar Summer Festival has been held continuously since 1961 at the historical locations of the town of Hvar: the Franciscan Monastery, Hanibal Luci\u0107 Summer Residence, Hvar Public Theatre, Veneranda Summer Stage and many others.","robots":{"index":"index","follow":"follow","max-snippet":"max-snippet:-1","max-image-preview":"max-image-preview:large","max-video-preview":"max-video-preview:-1"},"canonical":"https:\/\/hvarsummerfestival.hr\/en\/locations\/","og_locale":"en_US","og_type":"article","og_title":"Locations - Hvar Summer Festival","og_description":"Hvar Summer Festival has been held continuously since 1961 at the historical locations of the town of Hvar: the Franciscan Monastery, Hanibal Luci\u0107 Summer Residence, Hvar Public Theatre, Veneranda Summer Stage and many others.","og_url":"https:\/\/hvarsummerfestival.hr\/en\/locations\/","og_site_name":"Hvar Summer Festival","article_publisher":"https:\/\/www.facebook.com\/HvarSummerFestival\/","article_modified_time":"2023-05-11T09:13:47+00:00","og_image":[{"url":"https:\/\/hvarsummerfestival.hr\/wp-content\/uploads\/2021\/04\/Ljetnikovac-Hanibala-Lucic\u0301a.jpeg","type":"","width":"","height":""}],"twitter_card":"summary_large_image","twitter_image":"https:\/\/hvarsummerfestival.hr\/wp-content\/uploads\/2021\/04\/Ljetnikovac-Hanibala-Lucic\u0301a.jpeg","twitter_misc":{"Est. reading time":"2 minutes"},"schema":{"@context":"https:\/\/schema.org","@graph":[{"@type":"WebPage","@id":"https:\/\/hvarsummerfestival.hr\/en\/locations\/","url":"https:\/\/hvarsummerfestival.hr\/en\/locations\/","name":"Locations - Hvar Summer Festival","isPartOf":{"@id":"https:\/\/hvarsummerfestival.hr\/en\/#website"},"primaryImageOfPage":{"@id":"https:\/\/hvarsummerfestival.hr\/en\/locations\/#primaryimage"},"image":{"@id":"https:\/\/hvarsummerfestival.hr\/en\/locations\/#primaryimage"},"thumbnailUrl":"https:\/\/hvarsummerfestival.hr\/wp-content\/uploads\/2021\/04\/Ljetnikovac-Hanibala-Lucic\u0301a.jpeg","datePublished":"2021-05-31T14:06:46+00:00","dateModified":"2023-05-11T09:13:47+00:00","description":"Hvar Summer Festival has been held continuously since 1961 at the historical locations of the town of Hvar: the Franciscan Monastery, Hanibal Luci\u0107 Summer Residence, Hvar Public Theatre, Veneranda Summer Stage and many others.","breadcrumb":{"@id":"https:\/\/hvarsummerfestival.hr\/en\/locations\/#breadcrumb"},"inLanguage":"en-US","potentialAction":[{"@type":"ReadAction","target":["https:\/\/hvarsummerfestival.hr\/en\/locations\/"]}]},{"@type":"ImageObject","inLanguage":"en-US","@id":"https:\/\/hvarsummerfestival.hr\/en\/locations\/#primaryimage","url":"https:\/\/hvarsummerfestival.hr\/wp-content\/uploads\/2021\/04\/Ljetnikovac-Hanibala-Lucic\u0301a.jpeg","contentUrl":"https:\/\/hvarsummerfestival.hr\/wp-content\/uploads\/2021\/04\/Ljetnikovac-Hanibala-Lucic\u0301a.jpeg","width":1024,"height":768},{"@type":"BreadcrumbList","@id":"https:\/\/hvarsummerfestival.hr\/en\/locations\/#breadcrumb","itemListElement":[{"@type":"ListItem","position":1,"name":"Home page","item":"https:\/\/hvarsummerfestival.hr\/en\/"},{"@type":"ListItem","position":2,"name":"Locations"}]},{"@type":"WebSite","@id":"https:\/\/hvarsummerfestival.hr\/en\/#website","url":"https:\/\/hvarsummerfestival.hr\/en\/","name":"Hvar Summer Festival","description":"","publisher":{"@id":"https:\/\/hvarsummerfestival.hr\/en\/#organization"},"potentialAction":[{"@type":"SearchAction","target":{"@type":"EntryPoint","urlTemplate":"https:\/\/hvarsummerfestival.hr\/en\/?s={search_term_string}"},"query-input":{"@type":"PropertyValueSpecification","valueRequired":true,"valueName":"search_term_string"}}],"inLanguage":"en-US"},{"@type":"Organization","@id":"https:\/\/hvarsummerfestival.hr\/en\/#organization","name":"Hvar Summer Festival","url":"https:\/\/hvarsummerfestival.hr\/en\/","logo":{"@type":"ImageObject","inLanguage":"en-US","@id":"https:\/\/hvarsummerfestival.hr\/en\/#\/schema\/logo\/image\/","url":"https:\/\/hvarsummerfestival.hr\/wp-content\/uploads\/2021\/04\/HSF-logo-2021.svg","contentUrl":"https:\/\/hvarsummerfestival.hr\/wp-content\/uploads\/2021\/04\/HSF-logo-2021.svg","width":119,"height":256,"caption":"Hvar Summer Festival"},"image":{"@id":"https:\/\/hvarsummerfestival.hr\/en\/#\/schema\/logo\/image\/"},"sameAs":["https:\/\/www.facebook.com\/HvarSummerFestival\/","https:\/\/www.instagram.com\/hvarsummerfestival\/"]}]}},"_links":{"self":[{"href":"https:\/\/hvarsummerfestival.hr\/en\/wp-json\/wp\/v2\/pages\/570","targetHints":{"allow":["GET"]}}],"collection":[{"href":"https:\/\/hvarsummerfestival.hr\/en\/wp-json\/wp\/v2\/pages"}],"about":[{"href":"https:\/\/hvarsummerfestival.hr\/en\/wp-json\/wp\/v2\/types\/page"}],"author":[{"embeddable":true,"href":"https:\/\/hvarsummerfestival.hr\/en\/wp-json\/wp\/v2\/users\/1"}],"replies":[{"embeddable":true,"href":"https:\/\/hvarsummerfestival.hr\/en\/wp-json\/wp\/v2\/comments?post=570"}],"version-history":[{"count":5,"href":"https:\/\/hvarsummerfestival.hr\/en\/wp-json\/wp\/v2\/pages\/570\/revisions"}],"predecessor-version":[{"id":1192,"href":"https:\/\/hvarsummerfestival.hr\/en\/wp-json\/wp\/v2\/pages\/570\/revisions\/1192"}],"wp:featuredmedia":[{"embeddable":true,"href":"https:\/\/hvarsummerfestival.hr\/en\/wp-json\/wp\/v2\/media\/573"}],"wp:attachment":[{"href":"https:\/\/hvarsummerfestival.hr\/en\/wp-json\/wp\/v2\/media?parent=570"}],"curies":[{"name":"wp","href":"https:\/\/api.w.org\/{rel}","templated":true}]}}